{"id":11,"date":"2025-03-23T11:45:06","date_gmt":"2025-03-23T04:45:06","guid":{"rendered":"https:\/\/daplythoitrang.com\/index.php\/blog\/"},"modified":"2025-04-12T10:05:01","modified_gmt":"2025-04-12T03:05:01","slug":"blog","status":"publish","type":"page","link":"https:\/\/daplythoitrang.com\/index.php\/blog\/","title":{"rendered":"S\u1ea3n Ph\u1ea9m \u1ee8ng D\u1ee5ng"},"content":{"rendered":"\n<p>V\u1ea3i d\u1eadp ly \u0111\u01b0\u1ee3c \u1ee9ng d\u1ee5ng r\u1ed9ng r\u00e3i trong th\u1eddi trang v\u00e0 trang tr\u00ed nh\u1edd hi\u1ec7u \u1ee9ng th\u1ea9m m\u1ef9 cao v\u00e0 \u0111\u1ed9 r\u0169 m\u1ec1m m\u1ea1i.<\/p>\n\n\n\n<p>Trong l\u0129nh v\u1ef1c th\u1eddi trang, n\u00f3 th\u01b0\u1eddng \u0111\u01b0\u1ee3c d\u00f9ng cho v\u00e1y, \u0111\u1ea7m, \u00e1o blouse, qu\u1ea7n \u1ed1ng r\u1ed9ng, t\u1ea1o s\u1ef1 n\u1eef t\u00ednh, thanh l\u1ecbch v\u00e0 chuy\u1ec3n \u0111\u1ed9ng uy\u1ec3n chuy\u1ec3n.<\/p>\n\n\n\n<p>Trong thi\u1ebft k\u1ebf cao c\u1ea5p, v\u1ea3i d\u1eadp ly mang \u0111\u1ebfn t\u00ednh ngh\u1ec7 thu\u1eadt v\u00e0 chi\u1ec1u s\u00e2u cho trang ph\u1ee5c.<\/p>\n\n\n\n<p>Ngo\u00e0i ra, n\u00f3 c\u00f2n xu\u1ea5t hi\u1ec7n trong r\u00e8m c\u1eeda, kh\u0103n tr\u1ea3i b\u00e0n, g\u1ed1i trang tr\u00ed, trang ph\u1ee5c bi\u1ec3u di\u1ec5n s\u00e2n kh\u1ea5u v\u00e0 c\u1ea3 trong nhi\u1ebfp \u1ea3nh th\u1eddi trang \u0111\u1ec3 t\u1ea1o \u0111i\u1ec3m nh\u1ea5n th\u1ecb gi\u00e1c \u0111\u1eb7c bi\u1ec7t.<\/p>\n","protected":false},"excerpt":{"rendered":"<p>V\u1ea3i d\u1eadp ly \u0111\u01b0\u1ee3c \u1ee9ng d\u1ee5ng r\u1ed9ng r\u00e3i trong th\u1eddi trang v\u00e0 trang tr\u00ed nh\u1edd hi\u1ec7u \u1ee9ng th\u1ea9m m\u1ef9 cao v\u00e0 \u0111\u1ed9 r\u0169 m\u1ec1m m\u1ea1i. Trong l\u0129nh v\u1ef1c th\u1eddi trang, n\u00f3 th\u01b0\u1eddng \u0111\u01b0\u1ee3c d\u00f9ng cho v\u00e1y, \u0111\u1ea7m, \u00e1o blouse, qu\u1ea7n \u1ed1ng r\u1ed9ng, t\u1ea1o s\u1ef1 n\u1eef t\u00ednh, thanh l\u1ecbch v\u00e0 chuy\u1ec3n \u0111\u1ed9ng uy\u1ec3n chuy\u1ec3n. Trong thi\u1ebft [&hellip;]<\/p>\n","protected":false},"author":1,"featured_media":0,"parent":0,"menu_order":0,"comment_status":"closed","ping_status":"closed","template":"","meta":{"footnotes":""},"class_list":["post-11","page","type-page","status-publish","hentry"],"_links":{"self":[{"href":"https:\/\/daplythoitrang.com\/index.php\/wp-json\/wp\/v2\/pages\/11","targetHints":{"allow":["GET"]}}],"collection":[{"href":"https:\/\/daplythoitrang.com\/index.php\/wp-json\/wp\/v2\/pages"}],"about":[{"href":"https:\/\/daplythoitrang.com\/index.php\/wp-json\/wp\/v2\/types\/page"}],"author":[{"embeddable":true,"href":"https:\/\/daplythoitrang.com\/index.php\/wp-json\/wp\/v2\/users\/1"}],"replies":[{"embeddable":true,"href":"https:\/\/daplythoitrang.com\/index.php\/wp-json\/wp\/v2\/comments?post=11"}],"version-history":[{"count":1,"href":"https:\/\/daplythoitrang.com\/index.php\/wp-json\/wp\/v2\/pages\/11\/revisions"}],"predecessor-version":[{"id":165,"href":"https:\/\/daplythoitrang.com\/index.php\/wp-json\/wp\/v2\/pages\/11\/revisions\/165"}],"wp:attachment":[{"href":"https:\/\/daplythoitrang.com\/index.php\/wp-json\/wp\/v2\/media?parent=11"}],"curies":[{"name":"wp","href":"https:\/\/api.w.org\/{rel}","templated":true}]}}